{"id":7989,"date":"2022-09-11T11:29:30","date_gmt":"2022-09-11T09:29:30","guid":{"rendered":"https:\/\/www.plinioilgiovane.com\/?page_id=7989"},"modified":"2023-10-14T11:54:43","modified_gmt":"2023-10-14T09:54:43","slug":"spedizioni","status":"publish","type":"page","link":"https:\/\/www.tutu-aphrodite.com\/it\/spedizioni\/","title":{"rendered":"Spedizioni"},"content":{"rendered":"\n<h3><strong>SIAMO SEMPRE NOI DALL\u2019INIZIO ALLA FINE:<br>DALLA CREAZIONE FINO A CASA TUA.<\/strong><\/h3>\n\n\n\n<p><strong>Per noi fare un prodotto fatto bene richiede il giusto tempo.<\/strong><br>\u00c8 una gioia costruirlo a mano e personalizzato sulle tue esigenze.<br><strong>Organizzare il trasporto verso la tua destinazione richiede attesa che crea desiderio e sorpresa. <\/strong><br>Tutti i nostri prodotti sono realizzati uno per uno. Ogni pezzo \u00e8 unico ed irripetibile e creato per te. Il nostro ciclo di lavoro. Ogni creazione \u00e8 realizzata con attenzione perch\u00e9 il capello \u00e8 un materiale vivo, ha un\u2019anima, dura nel tempo e, se trattato con i nostri prodotti bio, pu\u00f2 essere tramandato alle nuove generazioni.<br><br><strong>Il nostro store \u00e8 nel centro di Milano<\/strong>:<strong>\u00a0la citt\u00e0 della moda e del design. Vieni a trovarci o fissa un appuntamento!<\/strong>\u00a0Potrai sentire l\u2019odore fortissimo del legno e apprezzare le nostre scelte ecologiche e sostenibili. Potrai anche conoscere<strong>\u00a0Little Venus<\/strong>, fondatore del marchio e designer\u00a0<strong>Tutu Aphrodite<\/strong>.<br><br><\/p>\n","protected":false},"excerpt":{"rendered":"<p>SIAMO SEMPRE NOI DALL\u2019INIZIO ALLA FINE:DALLA CREAZIONE FINO A CASA TUA. Per noi fare un prodotto fatto bene richiede il giusto tempo.\u00c8 una gioia costruirlo a mano e personalizzato sulle tue esigenze.Organizzare il trasporto verso la tua destinazione richiede attesa che crea desiderio e sorpresa. Tutti i nostri prodotti sono realizzati uno per uno. Ogni [&hellip;]<\/p>\n","protected":false},"author":1,"featured_media":0,"parent":0,"menu_order":0,"comment_status":"closed","ping_status":"closed","template":"templates\/page-title-template.php","meta":[],"acf":[],"yoast_head":"<!-- This site is optimized with the Yoast SEO plugin v19.7.2 - https:\/\/yoast.com\/wordpress\/plugins\/seo\/ -->\n<title>Spedizioni | Tutu Aphrodite<\/title>\n<meta name=\"robots\" content=\"index, follow, max-snippet:-1, max-image-preview:large, max-video-preview:-1\" \/>\n<link rel=\"canonical\" href=\"https:\/\/www.tutu-aphrodite.com\/it\/spedizioni\/\" \/>\n<meta property=\"og:locale\" content=\"it_IT\" \/>\n<meta property=\"og:type\" content=\"article\" \/>\n<meta property=\"og:title\" content=\"Spedizioni | Tutu Aphrodite\" \/>\n<meta property=\"og:description\" content=\"SIAMO SEMPRE NOI DALL\u2019INIZIO ALLA FINE:DALLA CREAZIONE FINO A CASA TUA. Per noi fare un prodotto fatto bene richiede il giusto tempo.\u00c8 una gioia costruirlo a mano e personalizzato sulle tue esigenze.Organizzare il trasporto verso la tua destinazione richiede attesa che crea desiderio e sorpresa. Tutti i nostri prodotti sono realizzati uno per uno. Ogni [&hellip;]\" \/>\n<meta property=\"og:url\" content=\"https:\/\/www.tutu-aphrodite.com\/it\/spedizioni\/\" \/>\n<meta property=\"og:site_name\" content=\"Tutu Aphrodite\" \/>\n<meta property=\"article:modified_time\" content=\"2023-10-14T09:54:43+00:00\" \/>\n<meta name=\"twitter:card\" content=\"summary_large_image\" \/>\n<meta name=\"twitter:label1\" content=\"Tempo di lettura stimato\" \/>\n\t<meta name=\"twitter:data1\" content=\"1 minuto\" \/>\n<script type=\"application\/ld+json\" class=\"yoast-schema-graph\">{\"@context\":\"https:\/\/schema.org\",\"@graph\":[{\"@type\":\"WebPage\",\"@id\":\"https:\/\/www.tutu-aphrodite.com\/it\/spedizioni\/\",\"url\":\"https:\/\/www.tutu-aphrodite.com\/it\/spedizioni\/\",\"name\":\"Spedizioni | Tutu Aphrodite\",\"isPartOf\":{\"@id\":\"https:\/\/www.tutu-aphrodite.com\/it\/#website\"},\"datePublished\":\"2022-09-11T09:29:30+00:00\",\"dateModified\":\"2023-10-14T09:54:43+00:00\",\"breadcrumb\":{\"@id\":\"https:\/\/www.tutu-aphrodite.com\/it\/spedizioni\/#breadcrumb\"},\"inLanguage\":\"it-IT\",\"potentialAction\":[{\"@type\":\"ReadAction\",\"target\":[\"https:\/\/www.tutu-aphrodite.com\/it\/spedizioni\/\"]}]},{\"@type\":\"BreadcrumbList\",\"@id\":\"https:\/\/www.tutu-aphrodite.com\/it\/spedizioni\/#breadcrumb\",\"itemListElement\":[{\"@type\":\"ListItem\",\"position\":1,\"name\":\"Spedizioni\"}]},{\"@type\":\"WebSite\",\"@id\":\"https:\/\/www.tutu-aphrodite.com\/it\/#website\",\"url\":\"https:\/\/www.tutu-aphrodite.com\/it\/\",\"name\":\"Tutu Aphrodite\",\"description\":\"\",\"potentialAction\":[{\"@type\":\"SearchAction\",\"target\":{\"@type\":\"EntryPoint\",\"urlTemplate\":\"https:\/\/www.tutu-aphrodite.com\/it\/?s={search_term_string}\"},\"query-input\":\"required name=search_term_string\"}],\"inLanguage\":\"it-IT\"}]}<\/script>\n<!-- \/ Yoast SEO plugin. -->","yoast_head_json":{"title":"Spedizioni | Tutu Aphrodite","robots":{"index":"index","follow":"follow","max-snippet":"max-snippet:-1","max-image-preview":"max-image-preview:large","max-video-preview":"max-video-preview:-1"},"canonical":"https:\/\/www.tutu-aphrodite.com\/it\/spedizioni\/","og_locale":"it_IT","og_type":"article","og_title":"Spedizioni | Tutu Aphrodite","og_description":"SIAMO SEMPRE NOI DALL\u2019INIZIO ALLA FINE:DALLA CREAZIONE FINO A CASA TUA. Per noi fare un prodotto fatto bene richiede il giusto tempo.\u00c8 una gioia costruirlo a mano e personalizzato sulle tue esigenze.Organizzare il trasporto verso la tua destinazione richiede attesa che crea desiderio e sorpresa. Tutti i nostri prodotti sono realizzati uno per uno. Ogni [&hellip;]","og_url":"https:\/\/www.tutu-aphrodite.com\/it\/spedizioni\/","og_site_name":"Tutu Aphrodite","article_modified_time":"2023-10-14T09:54:43+00:00","twitter_card":"summary_large_image","twitter_misc":{"Tempo di lettura stimato":"1 minuto"},"schema":{"@context":"https:\/\/schema.org","@graph":[{"@type":"WebPage","@id":"https:\/\/www.tutu-aphrodite.com\/it\/spedizioni\/","url":"https:\/\/www.tutu-aphrodite.com\/it\/spedizioni\/","name":"Spedizioni | Tutu Aphrodite","isPartOf":{"@id":"https:\/\/www.tutu-aphrodite.com\/it\/#website"},"datePublished":"2022-09-11T09:29:30+00:00","dateModified":"2023-10-14T09:54:43+00:00","breadcrumb":{"@id":"https:\/\/www.tutu-aphrodite.com\/it\/spedizioni\/#breadcrumb"},"inLanguage":"it-IT","potentialAction":[{"@type":"ReadAction","target":["https:\/\/www.tutu-aphrodite.com\/it\/spedizioni\/"]}]},{"@type":"BreadcrumbList","@id":"https:\/\/www.tutu-aphrodite.com\/it\/spedizioni\/#breadcrumb","itemListElement":[{"@type":"ListItem","position":1,"name":"Spedizioni"}]},{"@type":"WebSite","@id":"https:\/\/www.tutu-aphrodite.com\/it\/#website","url":"https:\/\/www.tutu-aphrodite.com\/it\/","name":"Tutu Aphrodite","description":"","potentialAction":[{"@type":"SearchAction","target":{"@type":"EntryPoint","urlTemplate":"https:\/\/www.tutu-aphrodite.com\/it\/?s={search_term_string}"},"query-input":"required name=search_term_string"}],"inLanguage":"it-IT"}]}},"_links":{"self":[{"href":"https:\/\/www.tutu-aphrodite.com\/it\/wp-json\/wp\/v2\/pages\/7989"}],"collection":[{"href":"https:\/\/www.tutu-aphrodite.com\/it\/wp-json\/wp\/v2\/pages"}],"about":[{"href":"https:\/\/www.tutu-aphrodite.com\/it\/wp-json\/wp\/v2\/types\/page"}],"author":[{"embeddable":true,"href":"https:\/\/www.tutu-aphrodite.com\/it\/wp-json\/wp\/v2\/users\/1"}],"replies":[{"embeddable":true,"href":"https:\/\/www.tutu-aphrodite.com\/it\/wp-json\/wp\/v2\/comments?post=7989"}],"version-history":[{"count":2,"href":"https:\/\/www.tutu-aphrodite.com\/it\/wp-json\/wp\/v2\/pages\/7989\/revisions"}],"predecessor-version":[{"id":14500,"href":"https:\/\/www.tutu-aphrodite.com\/it\/wp-json\/wp\/v2\/pages\/7989\/revisions\/14500"}],"wp:attachment":[{"href":"https:\/\/www.tutu-aphrodite.com\/it\/wp-json\/wp\/v2\/media?parent=7989"}],"curies":[{"name":"wp","href":"https:\/\/api.w.org\/{rel}","templated":true}]}}