{"id":7987,"date":"2022-09-11T11:28:48","date_gmt":"2022-09-11T09:28:48","guid":{"rendered":"https:\/\/www.plinioilgiovane.com\/?page_id=7987"},"modified":"2022-09-11T11:34:49","modified_gmt":"2022-09-11T09:34:49","slug":"informativa-sui-rimborsi","status":"publish","type":"page","link":"https:\/\/www.tutu-aphrodite.com\/it\/informativa-sui-rimborsi\/","title":{"rendered":"Informativa sui rimborsi"},"content":{"rendered":"\n<h2>Resi e rimborsi<\/h2>\n\n\n\n<p><strong>Il cliente \u00e8 tenuto a verificare che il pacco sia integro, non danneggiato n\u00e9 bagnato.<\/strong>&nbsp;<strong>Solo dopo tale verifica il Cliente dovr\u00e0 accettare la consegna.<\/strong>&nbsp;Una volta accettata la consegna, se il contenuto all\u2019interno del pacco risulta danneggiato, il Cliente avr\u00e0 24 ore di tempo dalla data di consegna per contattare Plinio il Giovane e chiedere l\u2019intervento della copertura assicurativa, mandando delle fotografie in cui il danno risulta inquadrato in modo chiaro.<\/p>\n","protected":false},"excerpt":{"rendered":"<p>Resi e rimborsi Il cliente \u00e8 tenuto a verificare che il pacco sia integro, non danneggiato n\u00e9 bagnato.&nbsp;Solo dopo tale verifica il Cliente dovr\u00e0 accettare la consegna.&nbsp;Una volta accettata la consegna, se il contenuto all\u2019interno del pacco risulta danneggiato, il Cliente avr\u00e0 24 ore di tempo dalla data di consegna per contattare Plinio il Giovane [&hellip;]<\/p>\n","protected":false},"author":1,"featured_media":0,"parent":0,"menu_order":0,"comment_status":"closed","ping_status":"closed","template":"templates\/page-title-template.php","meta":[],"acf":[],"yoast_head":"<!-- This site is optimized with the Yoast SEO plugin v19.7.2 - https:\/\/yoast.com\/wordpress\/plugins\/seo\/ -->\n<title>Informativa sui rimborsi | Tutu Aphrodite<\/title>\n<meta name=\"robots\" content=\"index, follow, max-snippet:-1, max-image-preview:large, max-video-preview:-1\" \/>\n<link rel=\"canonical\" href=\"https:\/\/www.tutu-aphrodite.com\/it\/informativa-sui-rimborsi\/\" \/>\n<meta property=\"og:locale\" content=\"it_IT\" \/>\n<meta property=\"og:type\" content=\"article\" \/>\n<meta property=\"og:title\" content=\"Informativa sui rimborsi | Tutu Aphrodite\" \/>\n<meta property=\"og:description\" content=\"Resi e rimborsi Il cliente \u00e8 tenuto a verificare che il pacco sia integro, non danneggiato n\u00e9 bagnato.&nbsp;Solo dopo tale verifica il Cliente dovr\u00e0 accettare la consegna.&nbsp;Una volta accettata la consegna, se il contenuto all\u2019interno del pacco risulta danneggiato, il Cliente avr\u00e0 24 ore di tempo dalla data di consegna per contattare Plinio il Giovane [&hellip;]\" \/>\n<meta property=\"og:url\" content=\"https:\/\/www.tutu-aphrodite.com\/it\/informativa-sui-rimborsi\/\" \/>\n<meta property=\"og:site_name\" content=\"Tutu Aphrodite\" \/>\n<meta property=\"article:modified_time\" content=\"2022-09-11T09:34:49+00:00\" \/>\n<meta name=\"twitter:card\" content=\"summary_large_image\" \/>\n<meta name=\"twitter:label1\" content=\"Tempo di lettura stimato\" \/>\n\t<meta name=\"twitter:data1\" content=\"1 minuto\" \/>\n<script type=\"application\/ld+json\" class=\"yoast-schema-graph\">{\"@context\":\"https:\/\/schema.org\",\"@graph\":[{\"@type\":\"WebPage\",\"@id\":\"https:\/\/www.tutu-aphrodite.com\/it\/informativa-sui-rimborsi\/\",\"url\":\"https:\/\/www.tutu-aphrodite.com\/it\/informativa-sui-rimborsi\/\",\"name\":\"Informativa sui rimborsi | Tutu Aphrodite\",\"isPartOf\":{\"@id\":\"https:\/\/www.tutu-aphrodite.com\/it\/#website\"},\"datePublished\":\"2022-09-11T09:28:48+00:00\",\"dateModified\":\"2022-09-11T09:34:49+00:00\",\"breadcrumb\":{\"@id\":\"https:\/\/www.tutu-aphrodite.com\/it\/informativa-sui-rimborsi\/#breadcrumb\"},\"inLanguage\":\"it-IT\",\"potentialAction\":[{\"@type\":\"ReadAction\",\"target\":[\"https:\/\/www.tutu-aphrodite.com\/it\/informativa-sui-rimborsi\/\"]}]},{\"@type\":\"BreadcrumbList\",\"@id\":\"https:\/\/www.tutu-aphrodite.com\/it\/informativa-sui-rimborsi\/#breadcrumb\",\"itemListElement\":[{\"@type\":\"ListItem\",\"position\":1,\"name\":\"Informativa sui rimborsi\"}]},{\"@type\":\"WebSite\",\"@id\":\"https:\/\/www.tutu-aphrodite.com\/it\/#website\",\"url\":\"https:\/\/www.tutu-aphrodite.com\/it\/\",\"name\":\"Tutu Aphrodite\",\"description\":\"\",\"potentialAction\":[{\"@type\":\"SearchAction\",\"target\":{\"@type\":\"EntryPoint\",\"urlTemplate\":\"https:\/\/www.tutu-aphrodite.com\/it\/?s={search_term_string}\"},\"query-input\":\"required name=search_term_string\"}],\"inLanguage\":\"it-IT\"}]}<\/script>\n<!-- \/ Yoast SEO plugin. -->","yoast_head_json":{"title":"Informativa sui rimborsi | Tutu Aphrodite","robots":{"index":"index","follow":"follow","max-snippet":"max-snippet:-1","max-image-preview":"max-image-preview:large","max-video-preview":"max-video-preview:-1"},"canonical":"https:\/\/www.tutu-aphrodite.com\/it\/informativa-sui-rimborsi\/","og_locale":"it_IT","og_type":"article","og_title":"Informativa sui rimborsi | Tutu Aphrodite","og_description":"Resi e rimborsi Il cliente \u00e8 tenuto a verificare che il pacco sia integro, non danneggiato n\u00e9 bagnato.&nbsp;Solo dopo tale verifica il Cliente dovr\u00e0 accettare la consegna.&nbsp;Una volta accettata la consegna, se il contenuto all\u2019interno del pacco risulta danneggiato, il Cliente avr\u00e0 24 ore di tempo dalla data di consegna per contattare Plinio il Giovane [&hellip;]","og_url":"https:\/\/www.tutu-aphrodite.com\/it\/informativa-sui-rimborsi\/","og_site_name":"Tutu Aphrodite","article_modified_time":"2022-09-11T09:34:49+00:00","twitter_card":"summary_large_image","twitter_misc":{"Tempo di lettura stimato":"1 minuto"},"schema":{"@context":"https:\/\/schema.org","@graph":[{"@type":"WebPage","@id":"https:\/\/www.tutu-aphrodite.com\/it\/informativa-sui-rimborsi\/","url":"https:\/\/www.tutu-aphrodite.com\/it\/informativa-sui-rimborsi\/","name":"Informativa sui rimborsi | Tutu Aphrodite","isPartOf":{"@id":"https:\/\/www.tutu-aphrodite.com\/it\/#website"},"datePublished":"2022-09-11T09:28:48+00:00","dateModified":"2022-09-11T09:34:49+00:00","breadcrumb":{"@id":"https:\/\/www.tutu-aphrodite.com\/it\/informativa-sui-rimborsi\/#breadcrumb"},"inLanguage":"it-IT","potentialAction":[{"@type":"ReadAction","target":["https:\/\/www.tutu-aphrodite.com\/it\/informativa-sui-rimborsi\/"]}]},{"@type":"BreadcrumbList","@id":"https:\/\/www.tutu-aphrodite.com\/it\/informativa-sui-rimborsi\/#breadcrumb","itemListElement":[{"@type":"ListItem","position":1,"name":"Informativa sui rimborsi"}]},{"@type":"WebSite","@id":"https:\/\/www.tutu-aphrodite.com\/it\/#website","url":"https:\/\/www.tutu-aphrodite.com\/it\/","name":"Tutu Aphrodite","description":"","potentialAction":[{"@type":"SearchAction","target":{"@type":"EntryPoint","urlTemplate":"https:\/\/www.tutu-aphrodite.com\/it\/?s={search_term_string}"},"query-input":"required name=search_term_string"}],"inLanguage":"it-IT"}]}},"_links":{"self":[{"href":"https:\/\/www.tutu-aphrodite.com\/it\/wp-json\/wp\/v2\/pages\/7987"}],"collection":[{"href":"https:\/\/www.tutu-aphrodite.com\/it\/wp-json\/wp\/v2\/pages"}],"about":[{"href":"https:\/\/www.tutu-aphrodite.com\/it\/wp-json\/wp\/v2\/types\/page"}],"author":[{"embeddable":true,"href":"https:\/\/www.tutu-aphrodite.com\/it\/wp-json\/wp\/v2\/users\/1"}],"replies":[{"embeddable":true,"href":"https:\/\/www.tutu-aphrodite.com\/it\/wp-json\/wp\/v2\/comments?post=7987"}],"version-history":[{"count":2,"href":"https:\/\/www.tutu-aphrodite.com\/it\/wp-json\/wp\/v2\/pages\/7987\/revisions"}],"predecessor-version":[{"id":7996,"href":"https:\/\/www.tutu-aphrodite.com\/it\/wp-json\/wp\/v2\/pages\/7987\/revisions\/7996"}],"wp:attachment":[{"href":"https:\/\/www.tutu-aphrodite.com\/it\/wp-json\/wp\/v2\/media?parent=7987"}],"curies":[{"name":"wp","href":"https:\/\/api.w.org\/{rel}","templated":true}]}}