{"id":14679,"date":"2020-06-06T10:03:40","date_gmt":"2020-06-06T08:03:40","guid":{"rendered":"https:\/\/www.tutu-aphrodite.com\/casa\/"},"modified":"2024-04-15T20:15:14","modified_gmt":"2024-04-15T18:15:14","slug":"casa","status":"publish","type":"page","link":"https:\/\/www.tutu-aphrodite.com\/it\/","title":{"rendered":"Casa"},"content":{"rendered":"\n<div class=\"wp-block-tutu-afrodite-slides-container\"><div id=\"splideblock\" class=\"splide\"><div class=\"splide__track\"><ul class=\"splide__list\">\n<li class=\"wp-block-tutu-afrodite-block-2-single-slide splide__slide\">\n<div class=\"wp-block-tutu-afrodite-cover-section-slides-video img-cover-container\"><div class=\"img-cover\"><video preload=\"none\" data-src=\"https:\/\/www.tutu-aphrodite.com\/wp-content\/uploads\/2023\/02\/Malena-a-Milano-Galleria-Vittorio-Emanuele-ofs4n1Im2T4-2.mp4\" loop muted playsinline autoplay><\/video><\/div><div class=\"text-section\"><div class=\"container\"><div class=\"row\"><div class=\"col-12 d-flex\"><div class=\"cover-text-block m-auto\"><div class=\"cover-section-title\"><\/div><div class=\"cover-section-text\"><div><\/div><\/div><\/div><div class=\"video-controls-group\"><i class=\"fal fa-play-circle video-controls video-play\"><\/i><i class=\"fal fa-pause-circle video-controls video-pause\"><\/i><i class=\"fal fa-volume video-controls video-volume\"><\/i><\/div><\/div><\/div><\/div><\/div><\/div>\n<\/li>\n<\/ul><\/div><\/div><\/div>\n\n\n\n<div id=\"plant\" style=\"background-color:#e8c3d1\" class=\"wp-block-tutu-afrodite-section-hero-50 is-style-small-padding\"><div class=\"container py-5 py-lg-6\" style=\"background-color:#e8c3d1;min-height:380px\"><div class=\"row\"><div class=\"col-12 col-md-6 text-uppercase\"><img width=\"821\" height=\"1060\" class=\"lazy\" data-mdb-lazy-src=\"https:\/\/www.tutu-aphrodite.com\/wp-content\/uploads\/2023\/10\/IMG_3418-scaled.jpg\" data-mdb-lazy-placeholder=\"\/wp-content\/themes\/tutu-afrodite\/assets\/images\/68x70.png\" data-mdb-lazy-error=\"\/wp-content\/themes\/tutu-afrodite\/assets\/images\/68x70.png\" alt=\"tut\u00f9\"\/><\/div><div class=\"col-12 col-md-6 section-left-block d-flex\"><div class=\"right-content-text align-self-center\"><div class=\"section-title\" style=\"color:black\"><div>tut\u00f9<\/div><\/div><div class=\"section-subtitle\" style=\"color:black\"><div>Ecco Afrodite, la dea dell&#8217;amore e della bellezza. In altre parole, Venere! E s\u00ec, sono io. Una stella del mattino e della sera nel nostro cielo infinito. non ha una sola luna che la veneri o che offuschi il suo giudizio. \u00c8 sola&#8230; e come brilla&#8230; La bellezza \u00e8 trovare la giusta misura, i capelli giusti, il prodotto giusto. Per essere perfetti, bisogna sentirsi perfetti con se stessi. Evitare di essere qualcosa che non si \u00e8&#8230; perch\u00e9 si \u00e8 semplicemente una dea<\/div><\/div><div><div class=\"section-text\"><br><\/div><\/div><\/div><\/div><\/div><\/div><\/div>\n\n\n\n<div id=\"plant\" style=\"background-color:#bbcbe3\" class=\"wp-block-tutu-afrodite-section-hero-right-50\"><div class=\"container py-5 py-lg-6\" style=\"background-color:#bbcbe3;min-height:380px\"><div class=\"row\"><div class=\"col-12 col-md-6\"><div class=\"right-content-text align-self-center\"><div class=\"section-title\" style=\"color:black\"><div>Afrodite<\/div><\/div><div class=\"section-subtitle\" style=\"color:black\"><div>Sarai la guerriera meglio vestita della citt\u00e0, la reginetta di bellezza  <\/div><\/div><div><div class=\"section-text\">Il mare \u00e8 l&#8217;elemento dell&#8217;amore&#8230; lo dicono i greci. Afrodite emerse dall&#8217;acqua, indovinate che aspetto aveva&#8230;?<br><br>  Ama sorridere al mare luminoso e rendere felici i marinai. Intorno a lei il mare trema, vedendo la sua bellezza.&nbsp;<br><br>L&#8217;amore per se stessi, l&#8217;autostima, il rispetto per se stessi. C&#8217;\u00e8 un motivo per cui tutti iniziano con SELF&#8221; e non si trovano in nessun altro. Quindi, cara&nbsp;, non dimenticare di innamorarti di te stessa&nbsp;. \u00c8 un&#8217;azienda che vi conviene iniziare a visitare su&nbsp;!<br><br><\/div><\/div><\/div><\/div><div class=\"col-12 col-md-6 section-left-block text-uppercase\"><img width=\"821\" height=\"1060\" class=\"lazy\" data-mdb-lazy-src=\"https:\/\/www.tutu-aphrodite.com\/wp-content\/uploads\/2023\/10\/IMG_9152-1.png\" data-mdb-lazy-placeholder=\"\/wp-content\/themes\/tutu-afrodite\/assets\/images\/68x70.png\" data-mdb-lazy-error=\"\/wp-content\/themes\/tutu-afrodite\/assets\/images\/68x70.png\" alt=\"Afrodite\"\/><\/div><\/div><\/div><\/div>\n","protected":false},"excerpt":{"rendered":"","protected":false},"author":1,"featured_media":14669,"parent":0,"menu_order":0,"comment_status":"closed","ping_status":"closed","template":"templates\/homepage-template.php","meta":[],"acf":[],"yoast_head":"<!-- This site is optimized with the Yoast SEO plugin v19.7.2 - https:\/\/yoast.com\/wordpress\/plugins\/seo\/ -->\n<title>Tutu Aphrodite<\/title>\n<meta name=\"description\" content=\"Ecco Afrodite, la dea dell&#039;amore e della bellezza. In altre parole, Venere! E s\u00ec, sono io. Una stella del mattino e della sera nel nostro cielo infinito. non ha una sola luna che la veneri o che offuschi il suo giudizio. \u00c8 sola... e come brilla... La bellezza \u00e8 trovare la giusta misura, i capelli giusti, il prodotto giusto. Per essere perfetti, bisogna sentirsi perfetti con se stessi. Evitare di essere qualcosa che non si \u00e8... perch\u00e9 si \u00e8 semplicemente una dea\" \/>\n<meta name=\"robots\" content=\"index, follow, max-snippet:-1, max-image-preview:large, max-video-preview:-1\" \/>\n<link rel=\"canonical\" href=\"https:\/\/www.tutu-aphrodite.com\/it\/\" \/>\n<meta property=\"og:locale\" content=\"it_IT\" \/>\n<meta property=\"og:type\" content=\"article\" \/>\n<meta property=\"og:title\" content=\"Tutu Aphrodite\" \/>\n<meta property=\"og:description\" content=\"Ecco Afrodite, la dea dell&#039;amore e della bellezza. In altre parole, Venere! E s\u00ec, sono io. Una stella del mattino e della sera nel nostro cielo infinito. non ha una sola luna che la veneri o che offuschi il suo giudizio. \u00c8 sola... e come brilla... La bellezza \u00e8 trovare la giusta misura, i capelli giusti, il prodotto giusto. Per essere perfetti, bisogna sentirsi perfetti con se stessi. Evitare di essere qualcosa che non si \u00e8... perch\u00e9 si \u00e8 semplicemente una dea\" \/>\n<meta property=\"og:url\" content=\"https:\/\/www.tutu-aphrodite.com\/it\/\" \/>\n<meta property=\"og:site_name\" content=\"Tutu Aphrodite\" \/>\n<meta property=\"article:modified_time\" content=\"2024-04-15T18:15:14+00:00\" \/>\n<meta property=\"og:image\" content=\"https:\/\/www.tutu-aphrodite.com\/wp-content\/uploads\/2023\/10\/IMG_3394-scaled.jpg\" \/>\n\t<meta property=\"og:image:width\" content=\"2560\" \/>\n\t<meta property=\"og:image:height\" content=\"1707\" \/>\n\t<meta property=\"og:image:type\" content=\"image\/jpeg\" \/>\n<meta name=\"twitter:card\" content=\"summary_large_image\" \/>\n<meta name=\"twitter:label1\" content=\"Tempo di lettura stimato\" \/>\n\t<meta name=\"twitter:data1\" content=\"2 minuti\" \/>\n<script type=\"application\/ld+json\" class=\"yoast-schema-graph\">{\"@context\":\"https:\/\/schema.org\",\"@graph\":[{\"@type\":\"WebPage\",\"@id\":\"https:\/\/www.tutu-aphrodite.com\/it\/\",\"url\":\"https:\/\/www.tutu-aphrodite.com\/it\/\",\"name\":\"Tutu Aphrodite\",\"isPartOf\":{\"@id\":\"https:\/\/www.tutu-aphrodite.com\/it\/#website\"},\"datePublished\":\"2020-06-06T08:03:40+00:00\",\"dateModified\":\"2024-04-15T18:15:14+00:00\",\"description\":\"Ecco Afrodite, la dea dell'amore e della bellezza. In altre parole, Venere! E s\u00ec, sono io. Una stella del mattino e della sera nel nostro cielo infinito. non ha una sola luna che la veneri o che offuschi il suo giudizio. \u00c8 sola... e come brilla... La bellezza \u00e8 trovare la giusta misura, i capelli giusti, il prodotto giusto. Per essere perfetti, bisogna sentirsi perfetti con se stessi. Evitare di essere qualcosa che non si \u00e8... perch\u00e9 si \u00e8 semplicemente una dea\",\"breadcrumb\":{\"@id\":\"https:\/\/www.tutu-aphrodite.com\/it\/#breadcrumb\"},\"inLanguage\":\"it-IT\",\"potentialAction\":[{\"@type\":\"ReadAction\",\"target\":[\"https:\/\/www.tutu-aphrodite.com\/it\/\"]}]},{\"@type\":\"BreadcrumbList\",\"@id\":\"https:\/\/www.tutu-aphrodite.com\/it\/#breadcrumb\",\"itemListElement\":[{\"@type\":\"ListItem\",\"position\":1,\"name\":\"Casa\"}]},{\"@type\":\"WebSite\",\"@id\":\"https:\/\/www.tutu-aphrodite.com\/it\/#website\",\"url\":\"https:\/\/www.tutu-aphrodite.com\/it\/\",\"name\":\"Tutu Aphrodite\",\"description\":\"\",\"potentialAction\":[{\"@type\":\"SearchAction\",\"target\":{\"@type\":\"EntryPoint\",\"urlTemplate\":\"https:\/\/www.tutu-aphrodite.com\/it\/?s={search_term_string}\"},\"query-input\":\"required name=search_term_string\"}],\"inLanguage\":\"it-IT\"}]}<\/script>\n<!-- \/ Yoast SEO plugin. -->","yoast_head_json":{"title":"Tutu Aphrodite","description":"Ecco Afrodite, la dea dell'amore e della bellezza. In altre parole, Venere! E s\u00ec, sono io. Una stella del mattino e della sera nel nostro cielo infinito. non ha una sola luna che la veneri o che offuschi il suo giudizio. \u00c8 sola... e come brilla... La bellezza \u00e8 trovare la giusta misura, i capelli giusti, il prodotto giusto. Per essere perfetti, bisogna sentirsi perfetti con se stessi. Evitare di essere qualcosa che non si \u00e8... perch\u00e9 si \u00e8 semplicemente una dea","robots":{"index":"index","follow":"follow","max-snippet":"max-snippet:-1","max-image-preview":"max-image-preview:large","max-video-preview":"max-video-preview:-1"},"canonical":"https:\/\/www.tutu-aphrodite.com\/it\/","og_locale":"it_IT","og_type":"article","og_title":"Tutu Aphrodite","og_description":"Ecco Afrodite, la dea dell'amore e della bellezza. In altre parole, Venere! E s\u00ec, sono io. Una stella del mattino e della sera nel nostro cielo infinito. non ha una sola luna che la veneri o che offuschi il suo giudizio. \u00c8 sola... e come brilla... La bellezza \u00e8 trovare la giusta misura, i capelli giusti, il prodotto giusto. Per essere perfetti, bisogna sentirsi perfetti con se stessi. Evitare di essere qualcosa che non si \u00e8... perch\u00e9 si \u00e8 semplicemente una dea","og_url":"https:\/\/www.tutu-aphrodite.com\/it\/","og_site_name":"Tutu Aphrodite","article_modified_time":"2024-04-15T18:15:14+00:00","og_image":[{"width":2560,"height":1707,"url":"https:\/\/www.tutu-aphrodite.com\/wp-content\/uploads\/2023\/10\/IMG_3394-scaled.jpg","type":"image\/jpeg"}],"twitter_card":"summary_large_image","twitter_misc":{"Tempo di lettura stimato":"2 minuti"},"schema":{"@context":"https:\/\/schema.org","@graph":[{"@type":"WebPage","@id":"https:\/\/www.tutu-aphrodite.com\/it\/","url":"https:\/\/www.tutu-aphrodite.com\/it\/","name":"Tutu Aphrodite","isPartOf":{"@id":"https:\/\/www.tutu-aphrodite.com\/it\/#website"},"datePublished":"2020-06-06T08:03:40+00:00","dateModified":"2024-04-15T18:15:14+00:00","description":"Ecco Afrodite, la dea dell'amore e della bellezza. In altre parole, Venere! E s\u00ec, sono io. Una stella del mattino e della sera nel nostro cielo infinito. non ha una sola luna che la veneri o che offuschi il suo giudizio. \u00c8 sola... e come brilla... La bellezza \u00e8 trovare la giusta misura, i capelli giusti, il prodotto giusto. Per essere perfetti, bisogna sentirsi perfetti con se stessi. Evitare di essere qualcosa che non si \u00e8... perch\u00e9 si \u00e8 semplicemente una dea","breadcrumb":{"@id":"https:\/\/www.tutu-aphrodite.com\/it\/#breadcrumb"},"inLanguage":"it-IT","potentialAction":[{"@type":"ReadAction","target":["https:\/\/www.tutu-aphrodite.com\/it\/"]}]},{"@type":"BreadcrumbList","@id":"https:\/\/www.tutu-aphrodite.com\/it\/#breadcrumb","itemListElement":[{"@type":"ListItem","position":1,"name":"Casa"}]},{"@type":"WebSite","@id":"https:\/\/www.tutu-aphrodite.com\/it\/#website","url":"https:\/\/www.tutu-aphrodite.com\/it\/","name":"Tutu Aphrodite","description":"","potentialAction":[{"@type":"SearchAction","target":{"@type":"EntryPoint","urlTemplate":"https:\/\/www.tutu-aphrodite.com\/it\/?s={search_term_string}"},"query-input":"required name=search_term_string"}],"inLanguage":"it-IT"}]}},"_links":{"self":[{"href":"https:\/\/www.tutu-aphrodite.com\/it\/wp-json\/wp\/v2\/pages\/14679"}],"collection":[{"href":"https:\/\/www.tutu-aphrodite.com\/it\/wp-json\/wp\/v2\/pages"}],"about":[{"href":"https:\/\/www.tutu-aphrodite.com\/it\/wp-json\/wp\/v2\/types\/page"}],"author":[{"embeddable":true,"href":"https:\/\/www.tutu-aphrodite.com\/it\/wp-json\/wp\/v2\/users\/1"}],"replies":[{"embeddable":true,"href":"https:\/\/www.tutu-aphrodite.com\/it\/wp-json\/wp\/v2\/comments?post=14679"}],"version-history":[{"count":3,"href":"https:\/\/www.tutu-aphrodite.com\/it\/wp-json\/wp\/v2\/pages\/14679\/revisions"}],"predecessor-version":[{"id":15121,"href":"https:\/\/www.tutu-aphrodite.com\/it\/wp-json\/wp\/v2\/pages\/14679\/revisions\/15121"}],"wp:featuredmedia":[{"embeddable":true,"href":"https:\/\/www.tutu-aphrodite.com\/it\/wp-json\/wp\/v2\/media\/14669"}],"wp:attachment":[{"href":"https:\/\/www.tutu-aphrodite.com\/it\/wp-json\/wp\/v2\/media?parent=14679"}],"curies":[{"name":"wp","href":"https:\/\/api.w.org\/{rel}","templated":true}]}}